{"id":2288,"date":"2018-06-16T11:53:38","date_gmt":"2018-06-16T09:53:38","guid":{"rendered":"http:\/\/jappilankievari.com\/?page_id=2288"},"modified":"2026-04-28T14:58:21","modified_gmt":"2026-04-28T11:58:21","slug":"open-hours","status":"publish","type":"page","link":"https:\/\/jappilankievari.com\/wp\/open-hours\/","title":{"rendered":"Open Hours"},"content":{"rendered":"\n<p class=\"has-text-align-left\">Kalenterista l\u00f6ytyy kevv\u00e4\u00e4n aukioloja sit\u00e4 mukkaan kun niit\u00e4 vahvistellaan. Seurailkaa sivujamme tai liittyk\u00e4\u00e4 postituslistalle. <strong>(klikkaamalla kalenterin tapahtumaan p\u00e4\u00e4see my\u00f6s lis\u00e4tietoihin ja mahdollisiin linkkeihin)<\/strong><\/p>\n\n\n\n<p>Ravintolan ruokailujen p\u00f6yt\u00e4varauksiin <a href=\"https:\/\/jappilankievari.com\/reservations\/\">p\u00e4\u00e4see t\u00e4st\u00e4,<\/a> menuja p\u00e4\u00e4see kattelee <a href=\"https:\/\/jappilankievari.com\/weekly-menu\/\">t\u00e4st\u00e4,<\/a> kaikki muu viestittely ja yhteydenotot onnistuu <a href=\"mailto:info@jappilankievari.com\">klikkaamalla t\u00e4st\u00e4!<\/a><\/p>\n\n\n\n<h2 class=\"wp-block-heading\">RAVINTOLA:<\/h2>\n\n\n\n<p><\/p>\n\n\n<table class=\"mabel-bhi-businesshours\"><tr ><td>Monday<\/td><td>Closed<\/td><\/tr><tr ><td>Tuesday<\/td><td>Closed<\/td><\/tr><tr ><td>Wednesday<\/td><td>Closed<\/td><\/tr><tr class=\"mbhi-is-current\"><td>Thursday<\/td><td>Closed<\/td><\/tr><tr ><td>Friday<\/td><td>Closed<\/td><\/tr><tr ><td>Saturday<\/td><td>Closed<\/td><\/tr><tr ><td>Sunday<\/td><td>Closed<\/td><\/tr><tr class=\"mb-bhi-holiday\"><td>1 May<\/td><td>12:00 &mdash; 20:00<\/td><\/tr><tr class=\"mb-bhi-holiday\"><td>2 May<\/td><td>12:00 &mdash; 20:00<\/td><\/tr><tr class=\"mb-bhi-holiday\"><td>9 May<\/td><td>16:00 &mdash; 16:00<\/td><\/tr><tr class=\"mb-bhi-holiday\"><td>9 May<\/td><td>13:00 &mdash; 13:00<\/td><\/tr><tr class=\"mb-bhi-holiday\"><td>10 May<\/td><td>13:00 &mdash; 13:00<\/td><\/tr><\/table>\n\n\n\n<p><\/p>\n\n\n<p><iframe loading=\"lazy\" src=\"https:\/\/calendar.google.com\/calendar\/embed?height=600&#038;wkst=2&#038;ctz=Europe%2FHelsinki&#038;bgcolor=%23ffffff&#038;showPrint=0&#038;src=NmFxZzhxcG0wNzR0Z2M5ZXRzYzQwbzI2MDRAZ3JvdXAuY2FsZW5kYXIuZ29vZ2xlLmNvbQ&#038;color=%23F6BF26\" style=\"border-width:0\" width=\"100%\" height=\"400\" frameborder=\"0\" scrolling=\"no\"><\/iframe><\/p>\n\n\n\n<p><\/p>\n\n\n\n<p><\/p>\n","protected":false},"excerpt":{"rendered":"<p>Kalenterista l\u00f6ytyy kevv\u00e4\u00e4n aukioloja sit\u00e4 mukkaan kun niit\u00e4 vahvistellaan. Seurailkaa sivujamme tai liittyk\u00e4\u00e4 postituslistalle. (klikkaamalla<a class=\"post_read_more\" href=\"https:\/\/jappilankievari.com\/wp\/open-hours\/\">Read More<\/a><\/p>\n","protected":false},"author":1,"featured_media":0,"parent":0,"menu_order":0,"comment_status":"closed","ping_status":"closed","template":"","meta":{"footnotes":""},"class_list":["post-2288","page","type-page","status-publish","hentry"],"_links":{"self":[{"href":"https:\/\/jappilankievari.com\/wp\/wp-json\/wp\/v2\/pages\/2288","targetHints":{"allow":["GET"]}}],"collection":[{"href":"https:\/\/jappilankievari.com\/wp\/wp-json\/wp\/v2\/pages"}],"about":[{"href":"https:\/\/jappilankievari.com\/wp\/wp-json\/wp\/v2\/types\/page"}],"author":[{"embeddable":true,"href":"https:\/\/jappilankievari.com\/wp\/wp-json\/wp\/v2\/users\/1"}],"replies":[{"embeddable":true,"href":"https:\/\/jappilankievari.com\/wp\/wp-json\/wp\/v2\/comments?post=2288"}],"version-history":[{"count":141,"href":"https:\/\/jappilankievari.com\/wp\/wp-json\/wp\/v2\/pages\/2288\/revisions"}],"predecessor-version":[{"id":16173,"href":"https:\/\/jappilankievari.com\/wp\/wp-json\/wp\/v2\/pages\/2288\/revisions\/16173"}],"wp:attachment":[{"href":"https:\/\/jappilankievari.com\/wp\/wp-json\/wp\/v2\/media?parent=2288"}],"curies":[{"name":"wp","href":"https:\/\/api.w.org\/{rel}","templated":true}]}}